{"id":10,"date":"2024-04-19T14:33:25","date_gmt":"2024-04-19T14:33:25","guid":{"rendered":"https:\/\/stimmtherapie-rheinsieg.de\/?page_id=10"},"modified":"2024-04-30T19:04:43","modified_gmt":"2024-04-30T19:04:43","slug":"kosten","status":"publish","type":"page","link":"https:\/\/stimmtherapie-rheinsieg.de\/?page_id=10","title":{"rendered":"Kosten"},"content":{"rendered":"\t\t<div data-elementor-type=\"wp-page\" data-elementor-id=\"10\" class=\"elementor elementor-10\">\n\t\t\t\t<div class=\"elementor-element elementor-element-5f01c3e0 e-flex e-con-boxed e-con e-parent\" data-id=\"5f01c3e0\" data-element_type=\"container\">\n\t\t\t\t\t<div class=\"e-con-inner\">\n\t\t\t\t<div class=\"elementor-element elementor-element-aaeed16 elementor-widget elementor-widget-text-editor\" data-id=\"aaeed16\" data-element_type=\"widget\" data-widget_type=\"text-editor.default\">\n\t\t\t\t<div class=\"elementor-widget-container\">\n\t\t\t\t\t\t\t\t\t<p><\/p>\n<p>Die Kosten f\u00fcr Stimmtherapie werden von der privaten Krankenkasse in der Regel gr\u00f6\u00dftenteils<br \/>\u00fcbernommen, wenn eine Verordnung f\u00fcr Stimmtherapie durch den\/die behandelnde(n) Arzt\/\u00c4rztin<br \/>(Allgemeinmedizin, HNO-Heilkunde oder Phoniatrie) ausgestellt wird.<br \/>Die Kosten f\u00fcr Stimmbildung werden nicht von der Krankenkasse \u00fcbernommen und m\u00fcssen als<br \/>Selbstzahler \u00fcbernommen werden.<\/p>\n<p><\/p>\n<p><\/p>\n<p>Kosten Stimmbildung:<\/p>\n<p><\/p>\n<table style=\"height: 174px;\" width=\"330\">\n<tbody>\n<tr>\n<td>\n<ul>\n<li>Einzelstunde 45 min:\u00a0<\/li>\n<\/ul>\n<\/td>\n<td>55 \u20ac\u00a0<\/td>\n<\/tr>\n<tr>\n<td>\n<ul>\n<li>Einzelstunde 60 min:\u00a0<\/li>\n<\/ul>\n<\/td>\n<td>70 \u20ac\u00a0<\/td>\n<\/tr>\n<tr>\n<td>\n<ul>\n<li>Probestunde 45 min:\u00a0<\/li>\n<\/ul>\n<\/td>\n<td>40 \u20ac\u00a0<\/td>\n<\/tr>\n<\/tbody>\n<\/table>\t\t\t\t\t\t\t\t<\/div>\n\t\t\t\t<\/div>\n\t\t\t\t\t<\/div>\n\t\t\t\t<\/div>\n\t\t\t\t<\/div>\n\t\t","protected":false},"excerpt":{"rendered":"<p>Die Kosten f\u00fcr Stimmtherapie werden von der privaten Krankenkasse in der Regel gr\u00f6\u00dftenteils\u00fcbernommen, wenn eine Verordnung f\u00fcr Stimmtherapie durch den\/die behandelnde(n) Arzt\/\u00c4rztin(Allgemeinmedizin, HNO-Heilkunde oder Phoniatrie) ausgestellt wird.Die Kosten f\u00fcr Stimmbildung [&hellip;]<\/p>\n","protected":false},"author":1,"featured_media":0,"parent":0,"menu_order":0,"comment_status":"closed","ping_status":"closed","template":"","meta":{"footnotes":""},"_links":{"self":[{"href":"https:\/\/stimmtherapie-rheinsieg.de\/index.php?rest_route=\/wp\/v2\/pages\/10"}],"collection":[{"href":"https:\/\/stimmtherapie-rheinsieg.de\/index.php?rest_route=\/wp\/v2\/pages"}],"about":[{"href":"https:\/\/stimmtherapie-rheinsieg.de\/index.php?rest_route=\/wp\/v2\/types\/page"}],"author":[{"embeddable":true,"href":"https:\/\/stimmtherapie-rheinsieg.de\/index.php?rest_route=\/wp\/v2\/users\/1"}],"replies":[{"embeddable":true,"href":"https:\/\/stimmtherapie-rheinsieg.de\/index.php?rest_route=%2Fwp%2Fv2%2Fcomments&post=10"}],"version-history":[{"count":9,"href":"https:\/\/stimmtherapie-rheinsieg.de\/index.php?rest_route=\/wp\/v2\/pages\/10\/revisions"}],"predecessor-version":[{"id":92,"href":"https:\/\/stimmtherapie-rheinsieg.de\/index.php?rest_route=\/wp\/v2\/pages\/10\/revisions\/92"}],"wp:attachment":[{"href":"https:\/\/stimmtherapie-rheinsieg.de\/index.php?rest_route=%2Fwp%2Fv2%2Fmedia&parent=10"}],"curies":[{"name":"wp","href":"https:\/\/api.w.org\/{rel}","templated":true}]}}