{"id":2,"date":"2024-04-19T16:12:28","date_gmt":"2024-04-19T16:12:28","guid":{"rendered":"http:\/\/stimmtherapie-rheinsieg.de\/?page_id=2"},"modified":"2024-04-30T18:18:45","modified_gmt":"2024-04-30T18:18:45","slug":"sample-page","status":"publish","type":"page","link":"https:\/\/stimmtherapie-rheinsieg.de\/?page_id=2","title":{"rendered":"\u00dcber mich"},"content":{"rendered":"\t\t<div data-elementor-type=\"wp-page\" data-elementor-id=\"2\" class=\"elementor elementor-2\">\n\t\t\t\t<div class=\"elementor-element elementor-element-7c2f655 e-flex e-con-boxed e-con e-parent\" data-id=\"7c2f655\" data-element_type=\"container\">\n\t\t\t\t\t<div class=\"e-con-inner\">\n\t\t<div class=\"elementor-element elementor-element-2e5ce77 e-con-full e-flex e-con e-child\" data-id=\"2e5ce77\" data-element_type=\"container\">\n\t\t\t\t<div class=\"elementor-element elementor-element-53485040 elementor-widget__width-initial elementor-widget elementor-widget-text-editor\" data-id=\"53485040\" data-element_type=\"widget\" data-widget_type=\"text-editor.default\">\n\t\t\t\t<div class=\"elementor-widget-container\">\n\t\t\t\t\t\t\t\t\t\n<p>Katharina Klocke &#8211; B.Sc. Logop\u00e4die<\/p>\n\n<div class=\"wp-block-columns is-layout-flex wp-container-core-columns-is-layout-2 wp-block-columns-is-layout-flex\">\n<div class=\"wp-block-column is-layout-flow wp-block-column-is-layout-flow\" style=\"flex-basis: 100%;\">\n<ul>\n<li>Staatlich anerkannte Logop\u00e4din<\/li>\n\n<li>Lehrlogop\u00e4din, D\u00f6pfer Schule K\u00f6ln<\/li>\n\n<li>Lichtenberger\u00ae Stimmp\u00e4dagogin, Lichtenberger\u00ae Institut f\u00fcr angewandte Stimmphysiologie<\/li>\n\n<li>Mitglied im dbl Deutscher Bundesverband f\u00fcr Logop\u00e4die e.V.<br \/>Nach dem Studium der Geh\u00f6rlosenp\u00e4dagogik an der Universit\u00e4t zu K\u00f6ln begann ich im<br \/>September 2011 die Ausbildung zur staatlich anerkannten Logop\u00e4din an der D\u00f6pfer<br \/>Fachschule f\u00fcr Logop\u00e4die in K\u00f6ln, die ich 2014 mit dem Staatsexamen beendete. Parallel<br \/>zum Berufseinstieg nahm ich das begleitende Aufbaustudium Logop\u00e4die an der<br \/>Europ\u00e4ischen Fachhochschule in Br\u00fchl auf und schloss im September 2016 mit dem<br \/>Bachelor of Science Logop\u00e4die ab. Bereits w\u00e4hrend der Ausbildungszeit zur Logop\u00e4din<br \/>kam ich mit der Funktionalen Methode in Kontakt und besuchte Themen &#8211; Seminare des<br \/>Lichtenberger\u00ae Instituts f\u00fcr angewandte Stimmphysiologie bei Gisela Rohmert. Schnell<br \/>nahmen die Ans\u00e4tze und Ideen dieser Methode Einfluss in meine eigene<br \/>stimmtherapeutische Arbeit. So folgte nach Abschluss der logop\u00e4dischen Ausbildung die<br \/>18-monatige Fortbildung in angewandter Stimmphysiologie am Lichtenberger\u00ae Institut<br \/>sowie der anschlie\u00dfende Lichtenberger\u00ae Studiengang, der mit der Erteilung der<br \/>Lehrbef\u00e4higung im November 2018 endete.<br \/>Von 2014 bis 2023 behandelte ich in der Praxis f\u00fcr Stimmtherapie in K\u00f6ln-Ehrenfeld<br \/>PatientInnen mit St\u00f6rungen der Sprech- und Gesangstimme. Seit Anfang 2015 arbeite ich<br \/>ebenfalls in der logop\u00e4dischen Praxis Anne Dietrich in Siegburg. Im September 2017<br \/>nahm ich eine Lehrt\u00e4tigkeit f\u00fcr den Fachbereich Stimme an der D\u00f6pfer Schule f\u00fcr<br \/>Logop\u00e4die in K\u00f6ln auf.<br \/>Im Jahr 2023 gr\u00fcndete ich die Privatpraxis \u201eStimmtherapie und Stimmbildung Rhein-Sieg\u201c<br \/>in Troisdorf.<\/li>\n<\/ul>\n<\/div>\n<\/div>\n\n<p>\u00a0<\/p>\n\t\t\t\t\t\t\t\t<\/div>\n\t\t\t\t<\/div>\n\t\t\t\t<\/div>\n\t\t\t\t<div class=\"elementor-element elementor-element-9375c4a elementor-widget elementor-widget-image\" data-id=\"9375c4a\" data-element_type=\"widget\" data-widget_type=\"image.default\">\n\t\t\t\t<div class=\"elementor-widget-container\">\n\t\t\t\t\t\t\t\t\t\t\t\t\t\t\t<img fetchpriority=\"high\" decoding=\"async\" width=\"683\" height=\"1024\" src=\"https:\/\/stimmtherapie-rheinsieg.de\/wp-content\/uploads\/2024\/04\/A5L0002-683x1024.jpg\" class=\"attachment-large size-large wp-image-67\" alt=\"\" srcset=\"https:\/\/stimmtherapie-rheinsieg.de\/wp-content\/uploads\/2024\/04\/A5L0002-683x1024.jpg 683w, https:\/\/stimmtherapie-rheinsieg.de\/wp-content\/uploads\/2024\/04\/A5L0002-200x300.jpg 200w, https:\/\/stimmtherapie-rheinsieg.de\/wp-content\/uploads\/2024\/04\/A5L0002-768x1152.jpg 768w, https:\/\/stimmtherapie-rheinsieg.de\/wp-content\/uploads\/2024\/04\/A5L0002-1024x1536.jpg 1024w, https:\/\/stimmtherapie-rheinsieg.de\/wp-content\/uploads\/2024\/04\/A5L0002-1365x2048.jpg 1365w, https:\/\/stimmtherapie-rheinsieg.de\/wp-content\/uploads\/2024\/04\/A5L0002-scaled.jpg 1707w\" sizes=\"(max-width: 683px) 100vw, 683px\" \/>\t\t\t\t\t\t\t\t\t\t\t\t\t\t\t<\/div>\n\t\t\t\t<\/div>\n\t\t\t\t\t<\/div>\n\t\t\t\t<\/div>\n\t\t\t\t<\/div>\n\t\t","protected":false},"excerpt":{"rendered":"<p>Katharina Klocke &#8211; B.Sc. Logop\u00e4die \u00a0<\/p>\n","protected":false},"author":1,"featured_media":0,"parent":0,"menu_order":0,"comment_status":"closed","ping_status":"open","template":"","meta":{"footnotes":""},"_links":{"self":[{"href":"https:\/\/stimmtherapie-rheinsieg.de\/index.php?rest_route=\/wp\/v2\/pages\/2"}],"collection":[{"href":"https:\/\/stimmtherapie-rheinsieg.de\/index.php?rest_route=\/wp\/v2\/pages"}],"about":[{"href":"https:\/\/stimmtherapie-rheinsieg.de\/index.php?rest_route=\/wp\/v2\/types\/page"}],"author":[{"embeddable":true,"href":"https:\/\/stimmtherapie-rheinsieg.de\/index.php?rest_route=\/wp\/v2\/users\/1"}],"replies":[{"embeddable":true,"href":"https:\/\/stimmtherapie-rheinsieg.de\/index.php?rest_route=%2Fwp%2Fv2%2Fcomments&post=2"}],"version-history":[{"count":4,"href":"https:\/\/stimmtherapie-rheinsieg.de\/index.php?rest_route=\/wp\/v2\/pages\/2\/revisions"}],"predecessor-version":[{"id":71,"href":"https:\/\/stimmtherapie-rheinsieg.de\/index.php?rest_route=\/wp\/v2\/pages\/2\/revisions\/71"}],"wp:attachment":[{"href":"https:\/\/stimmtherapie-rheinsieg.de\/index.php?rest_route=%2Fwp%2Fv2%2Fmedia&parent=2"}],"curies":[{"name":"wp","href":"https:\/\/api.w.org\/{rel}","templated":true}]}}