{"id":8,"date":"2024-04-19T14:33:25","date_gmt":"2024-04-19T14:33:25","guid":{"rendered":"https:\/\/stimmtherapie-rheinsieg.de\/?page_id=8"},"modified":"2024-05-31T12:12:14","modified_gmt":"2024-05-31T12:12:14","slug":"home","status":"publish","type":"page","link":"https:\/\/stimmtherapie-rheinsieg.de\/","title":{"rendered":"Home"},"content":{"rendered":"\t\t<div data-elementor-type=\"wp-page\" data-elementor-id=\"8\" class=\"elementor elementor-8\">\n\t\t\t\t<div class=\"elementor-element elementor-element-9f09746 e-flex e-con-boxed e-con e-parent\" data-id=\"9f09746\" data-element_type=\"container\">\n\t\t\t\t\t<div class=\"e-con-inner\">\n\t\t\t\t<div class=\"elementor-element elementor-element-4d5c37c elementor-widget elementor-widget-text-editor\" data-id=\"4d5c37c\" data-element_type=\"widget\" data-widget_type=\"text-editor.default\">\n\t\t\t\t<div class=\"elementor-widget-container\">\n\t\t\t\t\t\t\t\t\t<h3>Herzlich Willkommen auf der Internetseite \u201eStimmbildung und Stimmtherapie Rhein-Sieg\u201c<\/h3><p>In meinem Praxisraum f\u00fcr Stimmtherapie und Stimmbildung im Rhein-Sieg-Kreis behandle ich KlientInnen mit Einschr\u00e4nkungen in der Sprech- und Gesangstimme. Die Behandlung von Stimmst\u00f6rungen ist ein Teilbereich der Logop\u00e4die, welche ebenso die Inhalte der Sprach-, Sprech- und Schlucktherapie umfasst. <br \/>Im speziellen Fachbereich der Stimmtherapie bilde ich mich seit zehn Jahren weiter und behandle seit 2014 KlientInnen mit verschiedenen St\u00f6rungen der Stimmfunktion.<\/p><p>Hierzu geh\u00f6ren:<\/p>\t\t\t\t\t\t\t\t<\/div>\n\t\t\t\t<\/div>\n\t\t\t\t\t<\/div>\n\t\t\t\t<\/div>\n\t\t<div class=\"elementor-element elementor-element-6c712bc e-flex e-con-boxed e-con e-parent\" data-id=\"6c712bc\" data-element_type=\"container\">\n\t\t\t\t\t<div class=\"e-con-inner\">\n\t\t\t\t<div class=\"elementor-element elementor-element-bb9d9ad elementor-widget elementor-widget-text-editor\" data-id=\"bb9d9ad\" data-element_type=\"widget\" data-widget_type=\"text-editor.default\">\n\t\t\t\t<div class=\"elementor-widget-container\">\n\t\t\t\t\t\t\t\t\t<ul><li>organische Stimmst\u00f6rungen (z.B. Stimmlippenkn\u00f6tchen)<\/li><li>funktionelle Stimmst\u00f6rungen (z.B. Heiserkeit durch chronische \u00dcber- oder \u00a0Fehlbelastung)<\/li><li>Transgender-Stimmtraining<\/li><li>Stimmbandl\u00e4hmungen (z.B. nach Schilddr\u00fcsenoperationen)<\/li><li>St\u00f6rungen der Singstimme<\/li><\/ul>\t\t\t\t\t\t\t\t<\/div>\n\t\t\t\t<\/div>\n\t\t\t\t<div class=\"elementor-element elementor-element-1cb404b elementor-widget elementor-widget-text-editor\" data-id=\"1cb404b\" data-element_type=\"widget\" data-widget_type=\"text-editor.default\">\n\t\t\t\t<div class=\"elementor-widget-container\">\n\t\t\t\t\t\t\t\t\t<p>M\u00f6glich ist die gemeinsame Arbeit in Form einer Stimmtherapie mit Privatrezept f\u00fcr Logop\u00e4die oder als Stimmbildung, die privat gezahlt wird (s. \u201eKosten\u201c).\u00a0Ich freue mich auf die gemeinsame Arbeit mit Ihnen und Ihrer Stimme.<\/p><p>Herzliche Gr\u00fc\u00dfe<\/p><p>Katharina Klocke<\/p>\t\t\t\t\t\t\t\t<\/div>\n\t\t\t\t<\/div>\n\t\t\t\t\t<\/div>\n\t\t\t\t<\/div>\n\t\t<div class=\"elementor-element elementor-element-1f995e4 e-flex e-con-boxed e-con e-parent\" data-id=\"1f995e4\" data-element_type=\"container\">\n\t\t\t\t\t<div class=\"e-con-inner\">\n\t\t\t\t\t<\/div>\n\t\t\t\t<\/div>\n\t\t\t\t<\/div>\n\t\t","protected":false},"excerpt":{"rendered":"<p>Herzlich Willkommen auf der Internetseite \u201eStimmbildung und Stimmtherapie Rhein-Sieg\u201c In meinem Praxisraum f\u00fcr Stimmtherapie und Stimmbildung im Rhein-Sieg-Kreis behandle ich KlientInnen mit Einschr\u00e4nkungen in der Sprech- und Gesangstimme. Die Behandlung [&hellip;]<\/p>\n","protected":false},"author":1,"featured_media":0,"parent":0,"menu_order":0,"comment_status":"closed","ping_status":"closed","template":"","meta":{"footnotes":""},"_links":{"self":[{"href":"https:\/\/stimmtherapie-rheinsieg.de\/index.php?rest_route=\/wp\/v2\/pages\/8"}],"collection":[{"href":"https:\/\/stimmtherapie-rheinsieg.de\/index.php?rest_route=\/wp\/v2\/pages"}],"about":[{"href":"https:\/\/stimmtherapie-rheinsieg.de\/index.php?rest_route=\/wp\/v2\/types\/page"}],"author":[{"embeddable":true,"href":"https:\/\/stimmtherapie-rheinsieg.de\/index.php?rest_route=\/wp\/v2\/users\/1"}],"replies":[{"embeddable":true,"href":"https:\/\/stimmtherapie-rheinsieg.de\/index.php?rest_route=%2Fwp%2Fv2%2Fcomments&post=8"}],"version-history":[{"count":7,"href":"https:\/\/stimmtherapie-rheinsieg.de\/index.php?rest_route=\/wp\/v2\/pages\/8\/revisions"}],"predecessor-version":[{"id":99,"href":"https:\/\/stimmtherapie-rheinsieg.de\/index.php?rest_route=\/wp\/v2\/pages\/8\/revisions\/99"}],"wp:attachment":[{"href":"https:\/\/stimmtherapie-rheinsieg.de\/index.php?rest_route=%2Fwp%2Fv2%2Fmedia&parent=8"}],"curies":[{"name":"wp","href":"https:\/\/api.w.org\/{rel}","templated":true}]}}