{"id":9,"date":"2024-04-19T14:33:25","date_gmt":"2024-04-19T14:33:25","guid":{"rendered":"https:\/\/stimmtherapie-rheinsieg.de\/?page_id=9"},"modified":"2024-04-19T14:40:00","modified_gmt":"2024-04-19T14:40:00","slug":"stimmtherapie-und-stimmbildung","status":"publish","type":"page","link":"https:\/\/stimmtherapie-rheinsieg.de\/?page_id=9","title":{"rendered":"Stimmtherapie und Stimmbildung"},"content":{"rendered":"\n<p>Die Funktionale Stimmp\u00e4dagogik des Lichtenberger\u00ae Instituts f\u00fcr angewandte Stimmphysiologie<br>z\u00e4hlt die sensorische Wahrnehmung von K\u00f6rper und Stimmklang zu ihren elementaren<br>Bausteinen. Dieser Ansatz pr\u00e4gt seit vielen Jahren meine stimmtherapeutische und<br>stimmbildnerische Arbeit.<br>Individuell angepasst an das kranke oder eingeschr\u00e4nkte Stimmsystem f\u00f6rdert das k\u00f6rper- und<br>klangorientierte Arbeiten eine Reduktion von Anstrengungsgef\u00fchlen im Kehlkopf. Eine Anbindung<br>der Stimmfunktion an ein \u201eK\u00f6rperklangkonzept\u201c wird angeregt, sodass langfristig eine<br>\u00f6konomischere Stimmfunktion m\u00f6glich werden kann.<br>Da eine eingeschr\u00e4nkte Belastbarkeit der Stimme sowie chronische Heiserkeit unterschiedliche<br>Hintergr\u00fcnde haben kann, gilt es die individuellen Entstehungsursachen herauszufinden und dem<br>Stimmorgan gezielt wieder zu einer kraftvolleren und anstrengungsfreieren Funktion zu verhelfen.<br>Die Funktionale Stimmtherapie kann eine M\u00f6glichkeit sein, automatisierten<br>Stimmfunktionsmustern eine \u00f6konomischere Alternative anzubieten.<br>Die Stimmbildung richtet sich beispielsweise an Menschen in Sprechberufen oder S\u00e4ngerInnen,<br>die ihre stimmlichen M\u00f6glichkeiten weiterentwickeln, f\u00f6rdern und pr\u00e4ventiv aufbauen wollen.<\/p>\n","protected":false},"excerpt":{"rendered":"<p>Die Funktionale Stimmp\u00e4dagogik des Lichtenberger\u00ae Instituts f\u00fcr angewandte Stimmphysiologiez\u00e4hlt die sensorische Wahrnehmung von K\u00f6rper und Stimmklang zu ihren elementarenBausteinen. Dieser Ansatz pr\u00e4gt seit vielen Jahren meine stimmtherapeutische undstimmbildnerische Arbeit.Individuell angepasst [&hellip;]<\/p>\n","protected":false},"author":1,"featured_media":0,"parent":0,"menu_order":0,"comment_status":"closed","ping_status":"closed","template":"","meta":{"footnotes":""},"_links":{"self":[{"href":"https:\/\/stimmtherapie-rheinsieg.de\/index.php?rest_route=\/wp\/v2\/pages\/9"}],"collection":[{"href":"https:\/\/stimmtherapie-rheinsieg.de\/index.php?rest_route=\/wp\/v2\/pages"}],"about":[{"href":"https:\/\/stimmtherapie-rheinsieg.de\/index.php?rest_route=\/wp\/v2\/types\/page"}],"author":[{"embeddable":true,"href":"https:\/\/stimmtherapie-rheinsieg.de\/index.php?rest_route=\/wp\/v2\/users\/1"}],"replies":[{"embeddable":true,"href":"https:\/\/stimmtherapie-rheinsieg.de\/index.php?rest_route=%2Fwp%2Fv2%2Fcomments&post=9"}],"version-history":[{"count":2,"href":"https:\/\/stimmtherapie-rheinsieg.de\/index.php?rest_route=\/wp\/v2\/pages\/9\/revisions"}],"predecessor-version":[{"id":24,"href":"https:\/\/stimmtherapie-rheinsieg.de\/index.php?rest_route=\/wp\/v2\/pages\/9\/revisions\/24"}],"wp:attachment":[{"href":"https:\/\/stimmtherapie-rheinsieg.de\/index.php?rest_route=%2Fwp%2Fv2%2Fmedia&parent=9"}],"curies":[{"name":"wp","href":"https:\/\/api.w.org\/{rel}","templated":true}]}}